{"id":20196,"date":"2025-05-15T05:41:39","date_gmt":"2025-05-15T05:41:39","guid":{"rendered":"https:\/\/jolivier.com\/succession-planning\/"},"modified":"2026-05-10T15:15:05","modified_gmt":"2026-05-10T15:15:05","slug":"succession-planning","status":"publish","type":"page","link":"https:\/\/jolivier.com\/it\/services-2\/succession-planning\/","title":{"rendered":"Succession Planning"},"content":{"rendered":"\t\t<div data-elementor-type=\"wp-page\" data-elementor-id=\"20196\" class=\"elementor elementor-20196 elementor-18662\">\n\t\t\t\t<div class=\"elementor-element elementor-element-9d99b42 e-flex e-con-boxed e-con e-parent\" data-id=\"9d99b42\" data-element_type=\"container\" data-e-type=\"container\" data-settings=\"{&quot;background_background&quot;:&quot;classic&quot;}\">\n\t\t\t\t\t<div class=\"e-con-inner\">\n\t\t<div class=\"elementor-element elementor-element-3df3859 e-con-full e-flex e-con e-child\" data-id=\"3df3859\" data-element_type=\"container\" data-e-type=\"container\">\n\t\t\t\t<div class=\"elementor-element elementor-element-8d78d1f elementor-widget elementor-widget-react-heading\" data-id=\"8d78d1f\" data-element_type=\"widget\" data-e-type=\"widget\" data-widget_type=\"react-heading.default\">\n\t\t\t\t<div class=\"elementor-widget-container\">\n\t\t\t\t\t\t\t\t<div class=\"react-heading \">\r\n\t\t\t\t<h2 class=\"title  \">Pianificazione della Successione <span class=\"stroke_text\"><\/span><\/h2>\t\t\r\n\t\t\t<\/div>\t\r\n\t\t\t\t\t\t<\/div>\n\t\t\t\t<\/div>\n\t\t\t\t<div class=\"elementor-element elementor-element-ddfe353 elementor-widget__width-initial elementor-widget elementor-widget-text-editor\" data-id=\"ddfe353\" data-element_type=\"widget\" data-e-type=\"widget\" data-widget_type=\"text-editor.default\">\n\t\t\t\t<div class=\"elementor-widget-container\">\n\t\t\t\t\t\t\t\t\t<p>Una successione della leadership strutturata \u2014 perch\u00e9 la vostra organizzazione non venga mai colta di sorpresa da una transizione.<\/p>\t\t\t\t\t\t\t\t<\/div>\n\t\t\t\t<\/div>\n\t\t\t\t<\/div>\n\t\t<div class=\"elementor-element elementor-element-4b6b7b2 e-con-full e-flex e-con e-child\" data-id=\"4b6b7b2\" data-element_type=\"container\" data-e-type=\"container\" data-settings=\"{&quot;background_background&quot;:&quot;slideshow&quot;,&quot;background_slideshow_gallery&quot;:[{&quot;id&quot;:18695,&quot;url&quot;:&quot;https:\\\/\\\/jolivier.com\\\/wp-content\\\/uploads\\\/2026\\\/02\\\/Succession-planning.jpg&quot;}],&quot;background_slideshow_loop&quot;:&quot;yes&quot;,&quot;background_slideshow_slide_duration&quot;:5000,&quot;background_slideshow_slide_transition&quot;:&quot;fade&quot;,&quot;background_slideshow_transition_duration&quot;:500}\">\n\t\t\t\t<div class=\"elementor-element elementor-element-b0b07f6 elementor-widget elementor-widget-spacer\" data-id=\"b0b07f6\" data-element_type=\"widget\" data-e-type=\"widget\" data-widget_type=\"spacer.default\">\n\t\t\t\t<div class=\"elementor-widget-container\">\n\t\t\t\t\t\t\t<div class=\"elementor-spacer\">\n\t\t\t<div class=\"elementor-spacer-inner\"><\/div>\n\t\t<\/div>\n\t\t\t\t\t\t<\/div>\n\t\t\t\t<\/div>\n\t\t\t\t<\/div>\n\t\t\t\t\t<\/div>\n\t\t\t\t<\/div>\n\t\t<div class=\"elementor-element elementor-element-0233757 e-flex e-con-boxed e-con e-parent\" data-id=\"0233757\" data-element_type=\"container\" data-e-type=\"container\" data-settings=\"{&quot;background_background&quot;:&quot;classic&quot;}\">\n\t\t\t\t\t<div class=\"e-con-inner\">\n\t\t<div class=\"elementor-element elementor-element-588bf5e e-con-full e-flex e-con e-child\" data-id=\"588bf5e\" data-element_type=\"container\" data-e-type=\"container\">\n\t\t\t\t<div class=\"elementor-element elementor-element-7462a65 elementor-widget elementor-widget-react-heading\" data-id=\"7462a65\" data-element_type=\"widget\" data-e-type=\"widget\" data-widget_type=\"react-heading.default\">\n\t\t\t\t<div class=\"elementor-widget-container\">\n\t\t\t\t\t\t\t\t<div class=\"react-heading \">\r\n\t\t\t\t<span class=\"sub-text\">See our Industry Expertise<\/span><h3 class=\"title  \">JOlivier &amp; Partners serves clients across virtually every industry and sector. <span class=\"stroke_text\"><\/span><\/h3>\t\t\r\n\t\t\t<\/div>\t\r\n\t\t\t\t\t\t<\/div>\n\t\t\t\t<\/div>\n\t\t\t\t<\/div>\n\t\t<div class=\"elementor-element elementor-element-27c3793 e-con-full e-flex e-con e-child\" data-id=\"27c3793\" data-element_type=\"container\" data-e-type=\"container\">\n\t\t\t\t<div class=\"elementor-element elementor-element-0d9e936 elementor-widget elementor-widget-react-button\" data-id=\"0d9e936\" data-element_type=\"widget\" data-e-type=\"widget\" data-widget_type=\"react-button.default\">\n\t\t\t\t<div class=\"elementor-widget-container\">\n\t\t\t\t\t\t\t\n\t\t<div class=\"react-button-wrap\">\n\t\t\t<a aria-label=\"Reacthemes Button\"  href=\"https:\/\/jolivier.com\/contact\/\" class=\"react_button elementor-button \" >\n\t\t\t\t<span class=\"rt-btn-text-wrap\">\n\t\t\t\t\tLearn More\t\t\t\t\n\t\t\t\t\t\t\t\t\t<\/span>\n\t\t\t<\/a>\n\t\t<\/div>\n\t\t\t\t\t\t<\/div>\n\t\t\t\t<\/div>\n\t\t\t\t<\/div>\n\t\t\t\t\t<\/div>\n\t\t\t\t<\/div>\n\t\t<div class=\"elementor-element elementor-element-e7f0213 e-flex e-con-boxed e-con e-parent\" data-id=\"e7f0213\" data-element_type=\"container\" data-e-type=\"container\" data-settings=\"{&quot;background_background&quot;:&quot;classic&quot;}\">\n\t\t\t\t\t<div class=\"e-con-inner\">\n\t\t<div class=\"elementor-element elementor-element-6f24bc6 e-flex e-con-boxed e-con e-child\" data-id=\"6f24bc6\" data-element_type=\"container\" data-e-type=\"container\">\n\t\t\t\t\t<div class=\"e-con-inner\">\n\t\t\t\t\t<\/div>\n\t\t\t\t<\/div>\n\t\t<div class=\"elementor-element elementor-element-c3b7148 e-con-full e-flex e-con e-child\" data-id=\"c3b7148\" data-element_type=\"container\" data-e-type=\"container\">\n\t\t\t\t<div class=\"elementor-element elementor-element-948fac1 elementor-widget elementor-widget-react-heading\" data-id=\"948fac1\" data-element_type=\"widget\" data-e-type=\"widget\" data-widget_type=\"react-heading.default\">\n\t\t\t\t<div class=\"elementor-widget-container\">\n\t\t\t\t\t\t\t\t<div class=\"react-heading \">\r\n\t\t\t\t<h2 class=\"title  rts-text-anime-style-1\">Il leader giusto al momento giusto <span class=\"stroke_text\"><\/span><\/h2>\t\t\r\n\t\t\t<\/div>\t\r\n\t\t\t\t\t\t<\/div>\n\t\t\t\t<\/div>\n\t\t\t\t<div class=\"elementor-element elementor-element-99e57f9 elementor-widget elementor-widget-text-editor\" data-id=\"99e57f9\" data-element_type=\"widget\" data-e-type=\"widget\" data-widget_type=\"text-editor.default\">\n\t\t\t\t<div class=\"elementor-widget-container\">\n\t\t\t\t\t\t\t\t\t<p>La salute di un&#8217;organizzazione richiede un flusso ininterrotto di leadership capace. La pianificazione della successione garantisce che quel flusso non dipenda dalla fortuna o dal tempismo.<\/p>\t\t\t\t\t\t\t\t<\/div>\n\t\t\t\t<\/div>\n\t\t\t\t<\/div>\n\t\t\t\t\t<\/div>\n\t\t\t\t<\/div>\n\t\t<div class=\"elementor-element elementor-element-d8075cb e-flex e-con-boxed e-con e-parent\" data-id=\"d8075cb\" data-element_type=\"container\" data-e-type=\"container\" data-settings=\"{&quot;background_background&quot;:&quot;classic&quot;}\">\n\t\t\t\t\t<div class=\"e-con-inner\">\n\t\t<div class=\"elementor-element elementor-element-c2b6a80 e-flex e-con-boxed e-con e-child\" data-id=\"c2b6a80\" data-element_type=\"container\" data-e-type=\"container\">\n\t\t\t\t\t<div class=\"e-con-inner\">\n\t\t\t\t<div class=\"elementor-element elementor-element-969ff7b elementor-widget elementor-widget-react-heading\" data-id=\"969ff7b\" data-element_type=\"widget\" data-e-type=\"widget\" data-widget_type=\"react-heading.default\">\n\t\t\t\t<div class=\"elementor-widget-container\">\n\t\t\t\t\t\t\t\t<div class=\"react-heading \">\r\n\t\t\t\t<h2 class=\"title  rts-text-anime-style-1\">Quando la pianificazione della successione conta di pi\u00f9 <span class=\"stroke_text\"><\/span><\/h2>\t\t\r\n\t\t\t<\/div>\t\r\n\t\t\t\t\t\t<\/div>\n\t\t\t\t<\/div>\n\t\t\t\t<div class=\"elementor-element elementor-element-4c61220 elementor-widget elementor-widget-text-editor\" data-id=\"4c61220\" data-element_type=\"widget\" data-e-type=\"widget\" data-widget_type=\"text-editor.default\">\n\t\t\t\t<div class=\"elementor-widget-container\">\n\t\t\t\t\t\t\t\t\t<p>Il rischio di successione \u00e8 pi\u00f9 alto quando \u00e8 meno visibile. Il momento pi\u00f9 pericoloso non \u00e8 quando un CEO annuncia la partenza \u2014 sono i mesi che precedono quell&#8217;annuncio.<\/p>\t\t\t\t\t\t\t\t<\/div>\n\t\t\t\t<\/div>\n\t\t\t\t\t<\/div>\n\t\t\t\t<\/div>\n\t\t<div class=\"elementor-element elementor-element-543dc1e e-con-full e-flex e-con e-child\" data-id=\"543dc1e\" data-element_type=\"container\" data-e-type=\"container\">\n\t\t\t\t<\/div>\n\t\t\t\t\t<\/div>\n\t\t\t\t<\/div>\n\t\t<div class=\"elementor-element elementor-element-a5fd912 e-flex e-con-boxed e-con e-parent\" data-id=\"a5fd912\" data-element_type=\"container\" data-e-type=\"container\" data-settings=\"{&quot;background_background&quot;:&quot;classic&quot;}\">\n\t\t\t\t\t<div class=\"e-con-inner\">\n\t\t<div class=\"elementor-element elementor-element-d0efc14 e-flex e-con-boxed e-con e-child\" data-id=\"d0efc14\" data-element_type=\"container\" data-e-type=\"container\">\n\t\t\t\t\t<div class=\"e-con-inner\">\n\t\t\t\t<div class=\"elementor-element elementor-element-0d7748f elementor-widget elementor-widget-react-heading\" data-id=\"0d7748f\" data-element_type=\"widget\" data-e-type=\"widget\" data-widget_type=\"react-heading.default\">\n\t\t\t\t<div class=\"elementor-widget-container\">\n\t\t\t\t\t\t\t\t<div class=\"react-heading \">\r\n\t\t\t\t<h2 class=\"title  rts-text-anime-style-1\">Our approach <span class=\"stroke_text\"><\/span><\/h2>\t\t\r\n\t\t\t<\/div>\t\r\n\t\t\t\t\t\t<\/div>\n\t\t\t\t<\/div>\n\t\t\t\t\t<\/div>\n\t\t\t\t<\/div>\n\t\t<div class=\"elementor-element elementor-element-e160e6b e-flex e-con-boxed e-con e-child\" data-id=\"e160e6b\" data-element_type=\"container\" data-e-type=\"container\">\n\t\t\t\t\t<div class=\"e-con-inner\">\n\t\t<div class=\"elementor-element elementor-element-35972e2 e-con-full e-flex e-con e-child\" data-id=\"35972e2\" data-element_type=\"container\" data-e-type=\"container\" data-settings=\"{&quot;background_background&quot;:&quot;classic&quot;}\">\n\t\t\t\t<div class=\"elementor-element elementor-element-61dea8d elementor-widget elementor-widget-react-heading\" data-id=\"61dea8d\" data-element_type=\"widget\" data-e-type=\"widget\" data-widget_type=\"react-heading.default\">\n\t\t\t\t<div class=\"elementor-widget-container\">\n\t\t\t\t\t\t\t\t<div class=\"react-heading \">\r\n\t\t\t\t<h2 class=\"title  rts-text-anime-style-1\">01 \u2014 Valutazione della Preparazione alla Successione <span class=\"stroke_text\"><\/span><\/h2>\t\t\r\n\t\t\t<\/div>\t\r\n\t\t\t\t\t\t<\/div>\n\t\t\t\t<\/div>\n\t\t\t\t<div class=\"elementor-element elementor-element-f6a4d0b elementor-widget elementor-widget-text-editor\" data-id=\"f6a4d0b\" data-element_type=\"widget\" data-e-type=\"widget\" data-widget_type=\"text-editor.default\">\n\t\t\t\t<div class=\"elementor-widget-container\">\n\t\t\t\t\t\t\t\t\t<p>We evaluate the current leadership pipeline against the strategic demands of the next three to five years \u2014 identifying gaps, vulnerabilities and internal candidates worth developing before a vacancy arises.<\/p>\t\t\t\t\t\t\t\t<\/div>\n\t\t\t\t<\/div>\n\t\t\t\t<\/div>\n\t\t<div class=\"elementor-element elementor-element-30bbff1 e-con-full e-flex e-con e-child\" data-id=\"30bbff1\" data-element_type=\"container\" data-e-type=\"container\" data-settings=\"{&quot;background_background&quot;:&quot;classic&quot;}\">\n\t\t\t\t<div class=\"elementor-element elementor-element-5da6dda elementor-widget elementor-widget-react-heading\" data-id=\"5da6dda\" data-element_type=\"widget\" data-e-type=\"widget\" data-widget_type=\"react-heading.default\">\n\t\t\t\t<div class=\"elementor-widget-container\">\n\t\t\t\t\t\t\t\t<div class=\"react-heading \">\r\n\t\t\t\t<h2 class=\"title  rts-text-anime-style-1\">02 \u2014 Identificazione e Ricerca di Successori <span class=\"stroke_text\"><\/span><\/h2>\t\t\r\n\t\t\t<\/div>\t\r\n\t\t\t\t\t\t<\/div>\n\t\t\t\t<\/div>\n\t\t\t\t<div class=\"elementor-element elementor-element-0c63b65 elementor-widget elementor-widget-text-editor\" data-id=\"0c63b65\" data-element_type=\"widget\" data-e-type=\"widget\" data-widget_type=\"text-editor.default\">\n\t\t\t\t<div class=\"elementor-widget-container\">\n\t\t\t\t\t\t\t\t\t<p>Where internal successors exist, we support structured development. Where they do not, we initiate a confidential external search in parallel \u2014 ensuring the board retains genuine options rather than a single forced choice.<\/p>\t\t\t\t\t\t\t\t<\/div>\n\t\t\t\t<\/div>\n\t\t\t\t<\/div>\n\t\t<div class=\"elementor-element elementor-element-cc25500 e-con-full e-flex e-con e-child\" data-id=\"cc25500\" data-element_type=\"container\" data-e-type=\"container\" data-settings=\"{&quot;background_background&quot;:&quot;classic&quot;}\">\n\t\t\t\t<div class=\"elementor-element elementor-element-8eafed3 elementor-widget elementor-widget-react-heading\" data-id=\"8eafed3\" data-element_type=\"widget\" data-e-type=\"widget\" data-widget_type=\"react-heading.default\">\n\t\t\t\t<div class=\"elementor-widget-container\">\n\t\t\t\t\t\t\t\t<div class=\"react-heading \">\r\n\t\t\t\t<h2 class=\"title  rts-text-anime-style-1\">03 \u2014 Supporto alla Transizione e all'Onboarding <span class=\"stroke_text\"><\/span><\/h2>\t\t\r\n\t\t\t<\/div>\t\r\n\t\t\t\t\t\t<\/div>\n\t\t\t\t<\/div>\n\t\t\t\t<div class=\"elementor-element elementor-element-4188598 elementor-widget elementor-widget-text-editor\" data-id=\"4188598\" data-element_type=\"widget\" data-e-type=\"widget\" data-widget_type=\"text-editor.default\">\n\t\t\t\t<div class=\"elementor-widget-container\">\n\t\t\t\t\t\t\t\t\t<p>When the decision is made, we facilitate the handover \u2014 structuring the CEO-chair relationship, managing stakeholder communication, and supporting the incoming leader through the critical first 90 days.<\/p>\t\t\t\t\t\t\t\t<\/div>\n\t\t\t\t<\/div>\n\t\t\t\t<\/div>\n\t\t\t\t\t<\/div>\n\t\t\t\t<\/div>\n\t\t\t\t\t<\/div>\n\t\t\t\t<\/div>\n\t\t<div class=\"elementor-element elementor-element-35a23bf e-flex e-con-boxed e-con e-parent\" data-id=\"35a23bf\" data-element_type=\"container\" data-e-type=\"container\" data-settings=\"{&quot;background_background&quot;:&quot;classic&quot;}\">\n\t\t\t\t\t<div class=\"e-con-inner\">\n\t\t<div class=\"elementor-element elementor-element-51ccf2e e-flex e-con-boxed e-con e-child\" data-id=\"51ccf2e\" data-element_type=\"container\" data-e-type=\"container\">\n\t\t\t\t\t<div class=\"e-con-inner\">\n\t\t\t\t<div class=\"elementor-element elementor-element-9eb154b elementor-widget elementor-widget-react-heading\" data-id=\"9eb154b\" data-element_type=\"widget\" data-e-type=\"widget\" data-widget_type=\"react-heading.default\">\n\t\t\t\t<div class=\"elementor-widget-container\">\n\t\t\t\t\t\t\t\t<div class=\"react-heading \">\r\n\t\t\t\t<h2 class=\"title  rts-text-anime-style-1\">Iniziare la conversazione in anticipo <span class=\"stroke_text\"><\/span><\/h2>\t\t\r\n\t\t\t<\/div>\t\r\n\t\t\t\t\t\t<\/div>\n\t\t\t\t<\/div>\n\t\t\t\t<div class=\"elementor-element elementor-element-677c48f elementor-widget elementor-widget-text-editor\" data-id=\"677c48f\" data-element_type=\"widget\" data-e-type=\"widget\" data-widget_type=\"text-editor.default\">\n\t\t\t\t<div class=\"elementor-widget-container\">\n\t\t\t\t\t\t\t\t\t<p style=\"text-align:center;color:#CCCCCC;\">Succession planning works best when it begins before it is needed. Contact us to discuss your board&#8217;s current exposure and how we can support you.<\/p>\t\t\t\t\t\t\t\t<\/div>\n\t\t\t\t<\/div>\n\t\t\t\t\t<\/div>\n\t\t\t\t<\/div>\n\t\t\t\t\t<\/div>\n\t\t\t\t<\/div>\n\t\t<div class=\"elementor-element elementor-element-77d986d e-flex e-con-boxed e-con e-parent\" data-id=\"77d986d\" data-element_type=\"container\" data-e-type=\"container\" data-settings=\"{&quot;background_background&quot;:&quot;classic&quot;}\">\n\t\t\t\t\t<div class=\"e-con-inner\">\n\t\t\t\t<div class=\"elementor-element elementor-element-5ffc623 elementor-widget__width-initial elementor-widget elementor-widget-react-heading\" data-id=\"5ffc623\" data-element_type=\"widget\" data-e-type=\"widget\" data-widget_type=\"react-heading.default\">\n\t\t\t\t<div class=\"elementor-widget-container\">\n\t\t\t\t\t\t\t\t<div class=\"react-heading \">\r\n\t\t\t\t<span class=\"sub-text\">Subscribe Newsletter<\/span><h2 class=\"title  rts-text-anime-style-1\">Stay Updated with the Latest News! <span class=\"stroke_text\"><\/span><\/h2>\t\t\r\n\t\t\t<\/div>\t\r\n\t\t\t\t\t\t<\/div>\n\t\t\t\t<\/div>\n\t\t\t\t<div class=\"elementor-element elementor-element-95fb657 elementor-widget__width-initial elementor-widget elementor-widget-metform\" data-id=\"95fb657\" data-element_type=\"widget\" data-e-type=\"widget\" data-widget_type=\"metform.default\">\n\t\t\t\t<div class=\"elementor-widget-container\">\n\t\t\t\t\t<div id=\"mf-response-props-id-2509\" data-previous-steps-style=\"\" data-editswitchopen=\"\" data-response_type=\"alert\" data-erroricon=\"fas fa-exclamation-triangle\" data-successicon=\"fas fa-check\" data-messageposition=\"top\" class=\"   mf-scroll-top-no\">\n\t\t<div class=\"formpicker_warper formpicker_warper_editable\" data-metform-formpicker-key=\"2509\" >\n\t\t\t\t\n\t\t\t<div class=\"mf-widget-container\">\n\t\t\t\t\r\n\t\t<div\r\n\t\t\tid=\"metform-wrap-95fb657-2509\"\r\n\t\t\tclass=\"mf-form-wrapper\"\r\n\t\t\tdata-form-id=\"2509\"\r\n\t\t\tdata-action=\"https:\/\/jolivier.com\/it\/wp-json\/metform\/v1\/entries\/insert\/2509\"\r\n\t\t\tdata-wp-nonce=\"f5a11a3032\"\r\n\t\t\tdata-form-nonce=\"3b75a4a16e\"\r\n\t\t\tdata-quiz-summery = \"false\"\r\n\t\t\tdata-save-progress = \"false\"\r\n\t\t\tdata-form-type=\"general-form\"\r\n\t\t\tdata-stop-vertical-effect=\"\"\r\n\t\t\t><\/div>\r\n\r\n\r\n\t\t<!----------------------------- \r\n\t\t\t* controls_data : find the the props passed indie of data attribute\r\n\t\t\t* props.SubmitResponseMarkup : contains the markup of error or success message\r\n\t\t\t* https:\/\/developer.mozilla.org\/en-US\/docs\/Web\/JavaScript\/Reference\/Template_literals\r\n\t\t--------------------------- -->\r\n\r\n\t\t\t\t<script type=\"text\/mf\" class=\"mf-template\">\r\n\t\t\tfunction controls_data (value){\r\n\t\t\t\tlet currentWrapper = \"mf-response-props-id-2509\";\r\n\t\t\t\tlet currentEl = document.getElementById(currentWrapper);\r\n\t\t\t\t\r\n\t\t\t\treturn currentEl ? currentEl.dataset[value] : false\r\n\t\t\t}\r\n\r\n\r\n\t\t\tlet is_edit_mode = '' ? true : false;\r\n\t\t\tlet message_position = controls_data('messageposition') || 'top';\r\n\r\n\t\t\t\r\n\t\t\tlet message_successIcon = controls_data('successicon') || '';\r\n\t\t\tlet message_errorIcon = controls_data('erroricon') || '';\r\n\t\t\tlet message_editSwitch = controls_data('editswitchopen') === 'yes' ? true : false;\r\n\t\t\tlet message_proClass = controls_data('editswitchopen') === 'yes' ? 'mf_pro_activated' : '';\r\n\t\t\t\r\n\t\t\tlet is_dummy_markup = is_edit_mode && message_editSwitch ? true : false;\r\n\r\n\t\t\t\r\n\t\t\treturn html`\r\n\t\t\t\t<form\r\n\t\t\t\t\tclassName=\"metform-form-content\"\r\n\t\t\t\t\tref=${parent.formContainerRef}\r\n\t\t\t\t\tonSubmit=${ validation.handleSubmit( parent.handleFormSubmit ) }\r\n\t\t\t\t\r\n\t\t\t\t\t>\r\n\t\t\t\r\n\t\t\t\r\n\t\t\t\t\t${is_dummy_markup ? message_position === 'top' ?  props.ResponseDummyMarkup(message_successIcon, message_proClass) : '' : ''}\r\n\t\t\t\t\t${is_dummy_markup ? ' ' :  message_position === 'top' ? props.SubmitResponseMarkup`${parent}${state}${message_successIcon}${message_errorIcon}${message_proClass}` : ''}\r\n\r\n\t\t\t\t\t<!--------------------------------------------------------\r\n\t\t\t\t\t*** IMPORTANT \/ DANGEROUS ***\r\n\t\t\t\t\t${html``} must be used as in immediate child of \"metform-form-main-wrapper\"\r\n\t\t\t\t\tclass otherwise multistep form will not run at all\r\n\t\t\t\t\t---------------------------------------------------------->\r\n\r\n\t\t\t\t\t<div className=\"metform-form-main-wrapper\" key=${'hide-form-after-submit'} ref=${parent.formRef}>\r\n\t\t\t\t\t${html`\r\n\t\t\t\t\t\t\t\t<div data-elementor-type=\"wp-post\" key=\"2\" data-elementor-id=\"2509\" className=\"elementor elementor-2509\">\n\t\t\t\t<div className=\"elementor-element elementor-element-7f3166e e-con-full e-flex e-con e-parent\" data-id=\"7f3166e\" data-element_type=\"container\" data-e-type=\"container\">\n\t\t\t\t<div className=\"elementor-element elementor-element-aed29a7 elementor-widget__width-inherit elementor-widget elementor-widget-mf-email\" data-id=\"aed29a7\" data-element_type=\"widget\" data-e-type=\"widget\" data-settings=\"{&quot;mf_input_name&quot;:&quot;mf-email&quot;}\" data-widget_type=\"mf-email.default\">\n\t\t\t\t<div className=\"elementor-widget-container\">\n\t\t\t\t\t\r\n\t\t<div className=\"mf-input-wrapper\">\r\n\t\t\t\r\n\t\t\t<input \r\n\t\t\t\ttype=\"email\" \r\n\t\t\t\t \r\n\t\t\t\tdefaultValue=\"\" \r\n\t\t\t\tclassName=\"mf-input \" \r\n\t\t\t\tid=\"mf-input-email-aed29a7\" \r\n\t\t\t\tname=\"mf-email\" \r\n\t\t\t\tplaceholder=\"${ parent.decodeEntities(`Enter Email Address`) } \" \r\n\t\t\t\t \r\n\t\t\t\tonBlur=${parent.handleChange} onFocus=${parent.handleChange} aria-invalid=${validation.errors['mf-email'] ? 'true' : 'false' } \r\n\t\t\t\tref=${el=> parent.activateValidation({\"message\":\"This field is required.\",\"emailMessage\":\"Please enter a valid Email address\",\"minLength\":1,\"maxLength\":\"\",\"type\":\"none\",\"required\":true,\"expression\":\"null\"}, el)}\r\n\t\t\t\t\t\t\t\/>\r\n\r\n\t\t\t\t\t\t<${validation.ErrorMessage} \r\n\t\t\t\terrors=${validation.errors} \r\n\t\t\t\tname=\"mf-email\" \r\n\t\t\t\tas=${html`<span className=\"mf-error-message\"><\/span>`}\r\n\t\t\t\/>\r\n\t\t\t\r\n\t\t\t\t\t<\/div>\r\n\r\n\t\t\t\t<\/div>\n\t\t\t\t<\/div>\n\t\t\t\t<div className=\"elementor-element elementor-element-bbfe91f elementor-absolute elementor-widget elementor-widget-mf-button\" data-id=\"bbfe91f\" data-element_type=\"widget\" data-e-type=\"widget\" data-settings=\"{&quot;_position&quot;:&quot;absolute&quot;}\" data-widget_type=\"mf-button.default\">\n\t\t\t\t<div className=\"elementor-widget-container\">\n\t\t\t\t\t\t\t<div className=\"mf-btn-wraper \" data-mf-form-conditional-logic-requirement=\"\">\r\n\t\t\t\t\t\t\t<button type=\"submit\" className=\"metform-btn metform-submit-btn \" id=\"\">\r\n\t\t\t\t\t<span>${ parent.decodeEntities(`Subscribe Now`) } <\/span>\r\n\t\t\t\t<\/button>\r\n\t\t\t        <\/div>\r\n        \t\t\t\t<\/div>\n\t\t\t\t<\/div>\n\t\t\t\t<\/div>\n\t\t\t\t<\/div>\n\t\t\t\t\t\t\t`}\r\n\t\t\t\t\t<\/div>\r\n\r\n\t\t\t\t\t${is_dummy_markup ? message_position === 'bottom' ? props.ResponseDummyMarkup(message_successIcon, message_proClass) : '' : ''}\r\n\t\t\t\t\t${is_dummy_markup ? ' ' : message_position === 'bottom' ? props.SubmitResponseMarkup`${parent}${state}${message_successIcon}${message_errorIcon}${message_proClass}` : ''}\r\n\t\t\t\t\r\n\t\t\t\t<\/form>\r\n\t\t\t`\r\n\t\t<\/script>\r\n\r\n\t\t\t\t\t<\/div>\n\t\t<\/div>\n\t\t<\/div>\t\t\t\t<\/div>\n\t\t\t\t<\/div>\n\t\t\t\t\t<\/div>\n\t\t\t\t<\/div>\n\t\t\t\t<\/div>\n\t\t","protected":false},"excerpt":{"rendered":"<p>Succession Planning Structured leadership succession \u2014 so your organisation is never caught unprepared. See our Industry Expertise JOlivier &amp; Partners serves clients across virtually every industry and sector. Learn More The right leader for the right time The health of an organisation requires an uninterrupted flow of capable leadership. Shorter tenures, increased focus on culture, [&hellip;]<\/p>\n","protected":false},"author":1,"featured_media":0,"parent":20214,"menu_order":0,"comment_status":"closed","ping_status":"closed","template":"elementor_header_footer","meta":{"slim_seo":{"title":"Leadership Succession Planning \u2014 JOlivier & Partners","description":"JOlivier & Partners guides boards and shareholders through structured CEO and leadership succession \u2014 ensuring continuity, stability and the right leader at the right time."},"footnotes":""},"class_list":["post-20196","page","type-page","status-publish","hentry"],"_links":{"self":[{"href":"https:\/\/jolivier.com\/it\/wp-json\/wp\/v2\/pages\/20196","targetHints":{"allow":["GET"]}}],"collection":[{"href":"https:\/\/jolivier.com\/it\/wp-json\/wp\/v2\/pages"}],"about":[{"href":"https:\/\/jolivier.com\/it\/wp-json\/wp\/v2\/types\/page"}],"author":[{"embeddable":true,"href":"https:\/\/jolivier.com\/it\/wp-json\/wp\/v2\/users\/1"}],"replies":[{"embeddable":true,"href":"https:\/\/jolivier.com\/it\/wp-json\/wp\/v2\/comments?post=20196"}],"version-history":[{"count":1,"href":"https:\/\/jolivier.com\/it\/wp-json\/wp\/v2\/pages\/20196\/revisions"}],"predecessor-version":[{"id":20392,"href":"https:\/\/jolivier.com\/it\/wp-json\/wp\/v2\/pages\/20196\/revisions\/20392"}],"up":[{"embeddable":true,"href":"https:\/\/jolivier.com\/it\/wp-json\/wp\/v2\/pages\/20214"}],"wp:attachment":[{"href":"https:\/\/jolivier.com\/it\/wp-json\/wp\/v2\/media?parent=20196"}],"curies":[{"name":"wp","href":"https:\/\/api.w.org\/{rel}","templated":true}]}}