{"id":20191,"date":"2025-05-15T05:41:39","date_gmt":"2025-05-15T05:41:39","guid":{"rendered":"https:\/\/jolivier.com\/board-services\/"},"modified":"2026-05-10T13:21:32","modified_gmt":"2026-05-10T13:21:32","slug":"board-services","status":"publish","type":"page","link":"https:\/\/jolivier.com\/fr\/services-2\/board-services\/","title":{"rendered":"Board Services"},"content":{"rendered":"\t\t<div data-elementor-type=\"wp-page\" data-elementor-id=\"20191\" class=\"elementor elementor-20191 elementor-18663\">\n\t\t\t\t<div class=\"elementor-element elementor-element-c7c270e e-flex e-con-boxed e-con e-parent\" data-id=\"c7c270e\" data-element_type=\"container\" data-e-type=\"container\" data-settings=\"{&quot;background_background&quot;:&quot;classic&quot;}\">\n\t\t\t\t\t<div class=\"e-con-inner\">\n\t\t<div class=\"elementor-element elementor-element-e39ce9d e-con-full e-flex e-con e-child\" data-id=\"e39ce9d\" data-element_type=\"container\" data-e-type=\"container\">\n\t\t\t\t<div class=\"elementor-element elementor-element-adbe874 elementor-widget elementor-widget-react-heading\" data-id=\"adbe874\" data-element_type=\"widget\" data-e-type=\"widget\" data-widget_type=\"react-heading.default\">\n\t\t\t\t<div class=\"elementor-widget-container\">\n\t\t\t\t\t\t\t\t<div class=\"react-heading \">\r\n\t\t\t\t<span class=\"sub-text\">Services<\/span><h2 class=\"title  \">Services Conseil <span class=\"stroke_text\"><\/span><\/h2>\t\t\r\n\t\t\t<\/div>\t\r\n\t\t\t\t\t\t<\/div>\n\t\t\t\t<\/div>\n\t\t\t\t<div class=\"elementor-element elementor-element-ce768cf elementor-widget__width-initial elementor-widget elementor-widget-text-editor\" data-id=\"ce768cf\" data-element_type=\"widget\" data-e-type=\"widget\" data-widget_type=\"text-editor.default\">\n\t\t\t\t<div class=\"elementor-widget-container\">\n\t\t\t\t\t\t\t\t\t<p>Recherche d&rsquo;administrateurs, succession de pr\u00e9sident, composition du conseil et conseil en gouvernance \u2014 \u00e0 travers l&rsquo;Europe.<\/p>\t\t\t\t\t\t\t\t<\/div>\n\t\t\t\t<\/div>\n\t\t\t\t<\/div>\n\t\t<div class=\"elementor-element elementor-element-1c968c7 e-con-full e-flex e-con e-child\" data-id=\"1c968c7\" data-element_type=\"container\" data-e-type=\"container\" data-settings=\"{&quot;background_background&quot;:&quot;slideshow&quot;,&quot;background_slideshow_gallery&quot;:[{&quot;id&quot;:18629,&quot;url&quot;:&quot;https:\\\/\\\/jolivier.com\\\/wp-content\\\/uploads\\\/2026\\\/02\\\/Board-Services.jpg&quot;}],&quot;background_slideshow_loop&quot;:&quot;yes&quot;,&quot;background_slideshow_slide_duration&quot;:5000,&quot;background_slideshow_slide_transition&quot;:&quot;fade&quot;,&quot;background_slideshow_transition_duration&quot;:500}\">\n\t\t\t\t<div class=\"elementor-element elementor-element-0686549 elementor-widget elementor-widget-spacer\" data-id=\"0686549\" data-element_type=\"widget\" data-e-type=\"widget\" data-widget_type=\"spacer.default\">\n\t\t\t\t<div class=\"elementor-widget-container\">\n\t\t\t\t\t\t\t<div class=\"elementor-spacer\">\n\t\t\t<div class=\"elementor-spacer-inner\"><\/div>\n\t\t<\/div>\n\t\t\t\t\t\t<\/div>\n\t\t\t\t<\/div>\n\t\t\t\t<\/div>\n\t\t\t\t\t<\/div>\n\t\t\t\t<\/div>\n\t\t<div class=\"elementor-element elementor-element-0233757 e-flex e-con-boxed e-con e-parent\" data-id=\"0233757\" data-element_type=\"container\" data-e-type=\"container\" data-settings=\"{&quot;background_background&quot;:&quot;classic&quot;}\">\n\t\t\t\t\t<div class=\"e-con-inner\">\n\t\t<div class=\"elementor-element elementor-element-588bf5e e-con-full e-flex e-con e-child\" data-id=\"588bf5e\" data-element_type=\"container\" data-e-type=\"container\">\n\t\t\t\t<div class=\"elementor-element elementor-element-7462a65 elementor-widget elementor-widget-react-heading\" data-id=\"7462a65\" data-element_type=\"widget\" data-e-type=\"widget\" data-widget_type=\"react-heading.default\">\n\t\t\t\t<div class=\"elementor-widget-container\">\n\t\t\t\t\t\t\t\t<div class=\"react-heading \">\r\n\t\t\t\t<span class=\"sub-text\">Our Commitment<\/span><h3 class=\"title  \">La composition du conseil est une variable strat\u00e9gique. Nous aidons les conseils \u00e0 devenir v\u00e9ritablement comp\u00e9tents. <span class=\"stroke_text\"><\/span><\/h3>\t\t\r\n\t\t\t<\/div>\t\r\n\t\t\t\t\t\t<\/div>\n\t\t\t\t<\/div>\n\t\t\t\t<\/div>\n\t\t\t\t\t<\/div>\n\t\t\t\t<\/div>\n\t\t<div class=\"elementor-element elementor-element-75053e4 e-flex e-con-boxed e-con e-parent\" data-id=\"75053e4\" data-element_type=\"container\" data-e-type=\"container\" data-settings=\"{&quot;background_background&quot;:&quot;classic&quot;}\">\n\t\t\t\t\t<div class=\"e-con-inner\">\n\t\t<div class=\"elementor-element elementor-element-6039d1b e-flex e-con-boxed e-con e-child\" data-id=\"6039d1b\" data-element_type=\"container\" data-e-type=\"container\">\n\t\t\t\t\t<div class=\"e-con-inner\">\n\t\t\t\t\t<\/div>\n\t\t\t\t<\/div>\n\t\t<div class=\"elementor-element elementor-element-4e9a18c e-con-full e-flex e-con e-child\" data-id=\"4e9a18c\" data-element_type=\"container\" data-e-type=\"container\">\n\t\t\t\t<div class=\"elementor-element elementor-element-972b49f elementor-widget elementor-widget-react-heading\" data-id=\"972b49f\" data-element_type=\"widget\" data-e-type=\"widget\" data-widget_type=\"react-heading.default\">\n\t\t\t\t<div class=\"elementor-widget-container\">\n\t\t\t\t\t\t\t\t<div class=\"react-heading \">\r\n\t\t\t\t<h2 class=\"title  rts-text-anime-style-1\">Great boards are built, not assembled <span class=\"stroke_text\"><\/span><\/h2>\t\t\r\n\t\t\t<\/div>\t\r\n\t\t\t\t\t\t<\/div>\n\t\t\t\t<\/div>\n\t\t\t\t<div class=\"elementor-element elementor-element-8bed8aa elementor-widget elementor-widget-text-editor\" data-id=\"8bed8aa\" data-element_type=\"widget\" data-e-type=\"widget\" data-widget_type=\"text-editor.default\">\n\t\t\t\t<div class=\"elementor-widget-container\">\n\t\t\t\t\t\t\t\t\t<p>The pressure on boards has never been greater. Investors scrutinise composition. Regulators raise the bar on governance. Candidates for senior executive roles research the board before accepting an offer. A board that lacks the right expertise, the right independence and the right culture of challenge does not just govern poorly \u2014 it undermines the organisation&rsquo;s ability to recruit, retain and lead.<\/p>\n<p>At JOlivier &#038; Partners, we work with boards that take their composition seriously \u2014 as a strategic priority, not a compliance exercise. Our board practice combines rigorous director search with the gap analysis, succession planning and governance advisory that ensure every appointment strengthens the board&rsquo;s collective capability.<\/p>\t\t\t\t\t\t\t\t<\/div>\n\t\t\t\t<\/div>\n\t\t\t\t<\/div>\n\t\t\t\t\t<\/div>\n\t\t\t\t<\/div>\n\t\t<div class=\"elementor-element elementor-element-18e0cb2 e-flex e-con-boxed e-con e-parent\" data-id=\"18e0cb2\" data-element_type=\"container\" data-e-type=\"container\" data-settings=\"{&quot;background_background&quot;:&quot;classic&quot;}\">\n\t\t\t\t\t<div class=\"e-con-inner\">\n\t\t<div class=\"elementor-element elementor-element-7b0cc6d e-flex e-con-boxed e-con e-child\" data-id=\"7b0cc6d\" data-element_type=\"container\" data-e-type=\"container\">\n\t\t\t\t\t<div class=\"e-con-inner\">\n\t\t\t\t<div class=\"elementor-element elementor-element-e4388de elementor-widget elementor-widget-react-heading\" data-id=\"e4388de\" data-element_type=\"widget\" data-e-type=\"widget\" data-widget_type=\"react-heading.default\">\n\t\t\t\t<div class=\"elementor-widget-container\">\n\t\t\t\t\t\t\t\t<div class=\"react-heading \">\r\n\t\t\t\t<h2 class=\"title  rts-text-anime-style-1\">Recherche d'Administrateurs et Nominations <span class=\"stroke_text\"><\/span><\/h2>\t\t\r\n\t\t\t<\/div>\t\r\n\t\t\t\t\t\t<\/div>\n\t\t\t\t<\/div>\n\t\t\t\t<div class=\"elementor-element elementor-element-34c3d66 elementor-widget elementor-widget-text-editor\" data-id=\"34c3d66\" data-element_type=\"widget\" data-e-type=\"widget\" data-widget_type=\"text-editor.default\">\n\t\t\t\t<div class=\"elementor-widget-container\">\n\t\t\t\t\t\t\t\t\t<p>Nous dirigeons la recherche d&rsquo;administrateurs et de pr\u00e9sidents avec la m\u00eame rigueur que pour les nominations de PDG et de DAF \u2014 un brief pr\u00e9cis, une cartographie structur\u00e9e du march\u00e9, des approches directes et de niveau senior, et une \u00e9valuation approfondie avant toute pr\u00e9sentation de liste restreinte.<\/p>\t\t\t\t\t\t\t\t<\/div>\n\t\t\t\t<\/div>\n\t\t\t\t\t<\/div>\n\t\t\t\t<\/div>\n\t\t<div class=\"elementor-element elementor-element-b301102 e-con-full e-flex e-con e-child\" data-id=\"b301102\" data-element_type=\"container\" data-e-type=\"container\">\n\t\t\t\t<\/div>\n\t\t\t\t\t<\/div>\n\t\t\t\t<\/div>\n\t\t<div class=\"elementor-element elementor-element-5409353 e-flex e-con-boxed e-con e-parent\" data-id=\"5409353\" data-element_type=\"container\" data-e-type=\"container\" data-settings=\"{&quot;background_background&quot;:&quot;classic&quot;}\">\n\t\t\t\t\t<div class=\"e-con-inner\">\n\t\t<div class=\"elementor-element elementor-element-85d1049 e-flex e-con-boxed e-con e-child\" data-id=\"85d1049\" data-element_type=\"container\" data-e-type=\"container\">\n\t\t\t\t\t<div class=\"e-con-inner\">\n\t\t\t\t\t<\/div>\n\t\t\t\t<\/div>\n\t\t<div class=\"elementor-element elementor-element-cdb994e e-con-full e-flex e-con e-child\" data-id=\"cdb994e\" data-element_type=\"container\" data-e-type=\"container\">\n\t\t\t\t<div class=\"elementor-element elementor-element-855783f elementor-widget elementor-widget-react-heading\" data-id=\"855783f\" data-element_type=\"widget\" data-e-type=\"widget\" data-widget_type=\"react-heading.default\">\n\t\t\t\t<div class=\"elementor-widget-container\">\n\t\t\t\t\t\t\t\t<div class=\"react-heading \">\r\n\t\t\t\t<span class=\"sub-text\">Sub title<\/span><h2 class=\"title  rts-text-anime-style-1\">Board Composition &amp; Gap Analysis <span class=\"stroke_text\"><\/span><\/h2>\t\t\r\n\t\t\t<\/div>\t\r\n\t\t\t\t\t\t<\/div>\n\t\t\t\t<\/div>\n\t\t\t\t<div class=\"elementor-element elementor-element-ead3394 elementor-widget elementor-widget-text-editor\" data-id=\"ead3394\" data-element_type=\"widget\" data-e-type=\"widget\" data-widget_type=\"text-editor.default\">\n\t\t\t\t<div class=\"elementor-widget-container\">\n\t\t\t\t\t\t\t\t\t<p>Before recommending an appointment, we help nomination committees think rigorously about what the board currently lacks. We map the board&rsquo;s existing capability \u2014 in sector expertise, functional depth, geographic experience and diversity of perspective \u2014 against the organisation&rsquo;s strategic requirements over the next three to five years.<\/p>\n<p>This analysis shapes the brief for every appointment and ensures that each new director is a deliberate step toward a more capable governance body \u2014 not a replacement for the outgoing director&rsquo;s profile.<\/p>\n<p>We also advise on the induction and integration process that allows new directors to contribute substantively from the first board meeting rather than the third year of their tenure.<\/p>\t\t\t\t\t\t\t\t<\/div>\n\t\t\t\t<\/div>\n\t\t\t\t<\/div>\n\t\t\t\t\t<\/div>\n\t\t\t\t<\/div>\n\t\t<div class=\"elementor-element elementor-element-5c47372 e-flex e-con-boxed e-con e-parent\" data-id=\"5c47372\" data-element_type=\"container\" data-e-type=\"container\" data-settings=\"{&quot;background_background&quot;:&quot;classic&quot;}\">\n\t\t\t\t\t<div class=\"e-con-inner\">\n\t\t<div class=\"elementor-element elementor-element-4234921 e-flex e-con-boxed e-con e-child\" data-id=\"4234921\" data-element_type=\"container\" data-e-type=\"container\">\n\t\t\t\t\t<div class=\"e-con-inner\">\n\t\t\t\t<div class=\"elementor-element elementor-element-5f6180a elementor-widget elementor-widget-react-heading\" data-id=\"5f6180a\" data-element_type=\"widget\" data-e-type=\"widget\" data-widget_type=\"react-heading.default\">\n\t\t\t\t<div class=\"elementor-widget-container\">\n\t\t\t\t\t\t\t\t<div class=\"react-heading \">\r\n\t\t\t\t<h2 class=\"title  rts-text-anime-style-1\">Succession du Pr\u00e9sident <span class=\"stroke_text\"><\/span><\/h2>\t\t\r\n\t\t\t<\/div>\t\r\n\t\t\t\t\t\t<\/div>\n\t\t\t\t<\/div>\n\t\t\t\t<div class=\"elementor-element elementor-element-47d9c4f elementor-widget elementor-widget-text-editor\" data-id=\"47d9c4f\" data-element_type=\"widget\" data-e-type=\"widget\" data-widget_type=\"text-editor.default\">\n\t\t\t\t<div class=\"elementor-widget-container\">\n\t\t\t\t\t\t\t\t\t<p>La succession du pr\u00e9sident est l&rsquo;une des transitions de gouvernance les plus sensibles et les plus cons\u00e9quentes qu&rsquo;une organisation g\u00e8re. Nous conseillons les administrateurs r\u00e9f\u00e9rents et les comit\u00e9s des nominations sur des processus qui combinent une \u00e9valuation honn\u00eate des candidats internes avec une recherche externe structur\u00e9e.<\/p>\t\t\t\t\t\t\t\t<\/div>\n\t\t\t\t<\/div>\n\t\t\t\t\t<\/div>\n\t\t\t\t<\/div>\n\t\t<div class=\"elementor-element elementor-element-843f04a e-con-full e-flex e-con e-child\" data-id=\"843f04a\" data-element_type=\"container\" data-e-type=\"container\">\n\t\t\t\t<\/div>\n\t\t\t\t\t<\/div>\n\t\t\t\t<\/div>\n\t\t<div class=\"elementor-element elementor-element-f3f9a54 e-flex e-con-boxed e-con e-parent\" data-id=\"f3f9a54\" data-element_type=\"container\" data-e-type=\"container\" data-settings=\"{&quot;background_background&quot;:&quot;classic&quot;}\">\n\t\t\t\t\t<div class=\"e-con-inner\">\n\t\t<div class=\"elementor-element elementor-element-d68fd12 e-flex e-con-boxed e-con e-child\" data-id=\"d68fd12\" data-element_type=\"container\" data-e-type=\"container\">\n\t\t\t\t\t<div class=\"e-con-inner\">\n\t\t\t\t<div class=\"elementor-element elementor-element-afae62b elementor-widget elementor-widget-react-heading\" data-id=\"afae62b\" data-element_type=\"widget\" data-e-type=\"widget\" data-widget_type=\"react-heading.default\">\n\t\t\t\t<div class=\"elementor-widget-container\">\n\t\t\t\t\t\t\t\t<div class=\"react-heading \">\r\n\t\t\t\t<span class=\"sub-text\">Begin a Conversation<\/span><h2 class=\"title  rts-text-anime-style-1\">D\u00e9marrer un mandat de conseil <span class=\"stroke_text\"><\/span><\/h2>\t\t\r\n\t\t\t<\/div>\t\r\n\t\t\t\t\t\t<\/div>\n\t\t\t\t<\/div>\n\t\t\t\t<div class=\"elementor-element elementor-element-9e2427f elementor-widget elementor-widget-text-editor\" data-id=\"9e2427f\" data-element_type=\"widget\" data-e-type=\"widget\" data-widget_type=\"text-editor.default\">\n\t\t\t\t<div class=\"elementor-widget-container\">\n\t\t\t\t\t\t\t\t\t<p>Que vous recherchiez un profil d&rsquo;administrateur sp\u00e9cifique, naviguiez une succession de pr\u00e9sident, ou souhaitiez \u00e9valuer la capacit\u00e9 collective de votre conseil \u2014 nous vous invitons \u00e0 une conversation confidentielle.<\/p>\t\t\t\t\t\t\t\t<\/div>\n\t\t\t\t<\/div>\n\t\t\t\t\t<\/div>\n\t\t\t\t<\/div>\n\t\t\t\t\t<\/div>\n\t\t\t\t<\/div>\n\t\t<div class=\"elementor-element elementor-element-046e43f e-flex e-con-boxed e-con e-parent\" data-id=\"046e43f\" data-element_type=\"container\" data-e-type=\"container\" data-settings=\"{&quot;background_background&quot;:&quot;classic&quot;}\">\n\t\t\t\t\t<div class=\"e-con-inner\">\n\t\t\t\t<div class=\"elementor-element elementor-element-7ba092c elementor-widget__width-initial elementor-widget elementor-widget-react-heading\" data-id=\"7ba092c\" data-element_type=\"widget\" data-e-type=\"widget\" data-widget_type=\"react-heading.default\">\n\t\t\t\t<div class=\"elementor-widget-container\">\n\t\t\t\t\t\t\t\t<div class=\"react-heading \">\r\n\t\t\t\t<span class=\"sub-text\">Subscribe Newsletter<\/span><h2 class=\"title  rts-text-anime-style-1\">Stay Updated with the Latest News! <span class=\"stroke_text\"><\/span><\/h2>\t\t\r\n\t\t\t<\/div>\t\r\n\t\t\t\t\t\t<\/div>\n\t\t\t\t<\/div>\n\t\t\t\t<div class=\"elementor-element elementor-element-76edba1 elementor-widget__width-initial elementor-widget elementor-widget-metform\" data-id=\"76edba1\" data-element_type=\"widget\" data-e-type=\"widget\" data-widget_type=\"metform.default\">\n\t\t\t\t<div class=\"elementor-widget-container\">\n\t\t\t\t\t<div id=\"mf-response-props-id-2509\" data-previous-steps-style=\"\" data-editswitchopen=\"\" data-response_type=\"alert\" data-erroricon=\"fas fa-exclamation-triangle\" data-successicon=\"fas fa-check\" data-messageposition=\"top\" class=\"   mf-scroll-top-no\">\n\t\t<div class=\"formpicker_warper formpicker_warper_editable\" data-metform-formpicker-key=\"2509\" >\n\t\t\t\t\n\t\t\t<div class=\"mf-widget-container\">\n\t\t\t\t\r\n\t\t<div\r\n\t\t\tid=\"metform-wrap-76edba1-2509\"\r\n\t\t\tclass=\"mf-form-wrapper\"\r\n\t\t\tdata-form-id=\"2509\"\r\n\t\t\tdata-action=\"https:\/\/jolivier.com\/fr\/wp-json\/metform\/v1\/entries\/insert\/2509\"\r\n\t\t\tdata-wp-nonce=\"f5a11a3032\"\r\n\t\t\tdata-form-nonce=\"3b75a4a16e\"\r\n\t\t\tdata-quiz-summery = \"false\"\r\n\t\t\tdata-save-progress = \"false\"\r\n\t\t\tdata-form-type=\"general-form\"\r\n\t\t\tdata-stop-vertical-effect=\"\"\r\n\t\t\t><\/div>\r\n\r\n\r\n\t\t<!----------------------------- \r\n\t\t\t* controls_data : find the the props passed indie of data attribute\r\n\t\t\t* props.SubmitResponseMarkup : contains the markup of error or success message\r\n\t\t\t* https:\/\/developer.mozilla.org\/en-US\/docs\/Web\/JavaScript\/Reference\/Template_literals\r\n\t\t--------------------------- -->\r\n\r\n\t\t\t\t<script type=\"text\/mf\" class=\"mf-template\">\r\n\t\t\tfunction controls_data (value){\r\n\t\t\t\tlet currentWrapper = \"mf-response-props-id-2509\";\r\n\t\t\t\tlet currentEl = document.getElementById(currentWrapper);\r\n\t\t\t\t\r\n\t\t\t\treturn currentEl ? currentEl.dataset[value] : false\r\n\t\t\t}\r\n\r\n\r\n\t\t\tlet is_edit_mode = '' ? true : false;\r\n\t\t\tlet message_position = controls_data('messageposition') || 'top';\r\n\r\n\t\t\t\r\n\t\t\tlet message_successIcon = controls_data('successicon') || '';\r\n\t\t\tlet message_errorIcon = controls_data('erroricon') || '';\r\n\t\t\tlet message_editSwitch = controls_data('editswitchopen') === 'yes' ? true : false;\r\n\t\t\tlet message_proClass = controls_data('editswitchopen') === 'yes' ? 'mf_pro_activated' : '';\r\n\t\t\t\r\n\t\t\tlet is_dummy_markup = is_edit_mode && message_editSwitch ? true : false;\r\n\r\n\t\t\t\r\n\t\t\treturn html`\r\n\t\t\t\t<form\r\n\t\t\t\t\tclassName=\"metform-form-content\"\r\n\t\t\t\t\tref=${parent.formContainerRef}\r\n\t\t\t\t\tonSubmit=${ validation.handleSubmit( parent.handleFormSubmit ) }\r\n\t\t\t\t\r\n\t\t\t\t\t>\r\n\t\t\t\r\n\t\t\t\r\n\t\t\t\t\t${is_dummy_markup ? message_position === 'top' ?  props.ResponseDummyMarkup(message_successIcon, message_proClass) : '' : ''}\r\n\t\t\t\t\t${is_dummy_markup ? ' ' :  message_position === 'top' ? props.SubmitResponseMarkup`${parent}${state}${message_successIcon}${message_errorIcon}${message_proClass}` : ''}\r\n\r\n\t\t\t\t\t<!--------------------------------------------------------\r\n\t\t\t\t\t*** IMPORTANT \/ DANGEROUS ***\r\n\t\t\t\t\t${html``} must be used as in immediate child of \"metform-form-main-wrapper\"\r\n\t\t\t\t\tclass otherwise multistep form will not run at all\r\n\t\t\t\t\t---------------------------------------------------------->\r\n\r\n\t\t\t\t\t<div className=\"metform-form-main-wrapper\" key=${'hide-form-after-submit'} ref=${parent.formRef}>\r\n\t\t\t\t\t${html`\r\n\t\t\t\t\t\t\t\t<div data-elementor-type=\"wp-post\" key=\"2\" data-elementor-id=\"2509\" className=\"elementor elementor-2509\">\n\t\t\t\t<div className=\"elementor-element elementor-element-7f3166e e-con-full e-flex e-con e-parent\" data-id=\"7f3166e\" data-element_type=\"container\" data-e-type=\"container\">\n\t\t\t\t<div className=\"elementor-element elementor-element-aed29a7 elementor-widget__width-inherit elementor-widget elementor-widget-mf-email\" data-id=\"aed29a7\" data-element_type=\"widget\" data-e-type=\"widget\" data-settings=\"{&quot;mf_input_name&quot;:&quot;mf-email&quot;}\" data-widget_type=\"mf-email.default\">\n\t\t\t\t<div className=\"elementor-widget-container\">\n\t\t\t\t\t\r\n\t\t<div className=\"mf-input-wrapper\">\r\n\t\t\t\r\n\t\t\t<input \r\n\t\t\t\ttype=\"email\" \r\n\t\t\t\t \r\n\t\t\t\tdefaultValue=\"\" \r\n\t\t\t\tclassName=\"mf-input \" \r\n\t\t\t\tid=\"mf-input-email-aed29a7\" \r\n\t\t\t\tname=\"mf-email\" \r\n\t\t\t\tplaceholder=\"${ parent.decodeEntities(`Enter Email Address`) } \" \r\n\t\t\t\t \r\n\t\t\t\tonBlur=${parent.handleChange} onFocus=${parent.handleChange} aria-invalid=${validation.errors['mf-email'] ? 'true' : 'false' } \r\n\t\t\t\tref=${el=> parent.activateValidation({\"message\":\"This field is required.\",\"emailMessage\":\"Veuillez saisir une adresse de messagerie valide\",\"minLength\":1,\"maxLength\":\"\",\"type\":\"none\",\"required\":true,\"expression\":\"null\"}, el)}\r\n\t\t\t\t\t\t\t\/>\r\n\r\n\t\t\t\t\t\t<${validation.ErrorMessage} \r\n\t\t\t\terrors=${validation.errors} \r\n\t\t\t\tname=\"mf-email\" \r\n\t\t\t\tas=${html`<span className=\"mf-error-message\"><\/span>`}\r\n\t\t\t\/>\r\n\t\t\t\r\n\t\t\t\t\t<\/div>\r\n\r\n\t\t\t\t<\/div>\n\t\t\t\t<\/div>\n\t\t\t\t<div className=\"elementor-element elementor-element-bbfe91f elementor-absolute elementor-widget elementor-widget-mf-button\" data-id=\"bbfe91f\" data-element_type=\"widget\" data-e-type=\"widget\" data-settings=\"{&quot;_position&quot;:&quot;absolute&quot;}\" data-widget_type=\"mf-button.default\">\n\t\t\t\t<div className=\"elementor-widget-container\">\n\t\t\t\t\t\t\t<div className=\"mf-btn-wraper \" data-mf-form-conditional-logic-requirement=\"\">\r\n\t\t\t\t\t\t\t<button type=\"submit\" className=\"metform-btn metform-submit-btn \" id=\"\">\r\n\t\t\t\t\t<span>${ parent.decodeEntities(`Subscribe Now`) } <\/span>\r\n\t\t\t\t<\/button>\r\n\t\t\t        <\/div>\r\n        \t\t\t\t<\/div>\n\t\t\t\t<\/div>\n\t\t\t\t<\/div>\n\t\t\t\t<\/div>\n\t\t\t\t\t\t\t`}\r\n\t\t\t\t\t<\/div>\r\n\r\n\t\t\t\t\t${is_dummy_markup ? message_position === 'bottom' ? props.ResponseDummyMarkup(message_successIcon, message_proClass) : '' : ''}\r\n\t\t\t\t\t${is_dummy_markup ? ' ' : message_position === 'bottom' ? props.SubmitResponseMarkup`${parent}${state}${message_successIcon}${message_errorIcon}${message_proClass}` : ''}\r\n\t\t\t\t\r\n\t\t\t\t<\/form>\r\n\t\t\t`\r\n\t\t<\/script>\r\n\r\n\t\t\t\t\t<\/div>\n\t\t<\/div>\n\t\t<\/div>\t\t\t\t<\/div>\n\t\t\t\t<\/div>\n\t\t\t\t\t<\/div>\n\t\t\t\t<\/div>\n\t\t\t\t<\/div>\n\t\t","protected":false},"excerpt":{"rendered":"<p>Services Board Services Director search, chair succession, board assessment and governance advisory \u2014 across Europe. Our Commitment Board composition is a strategic variable. We help boards become genuinely capable. Great boards are built, not assembled The pressure on boards has never been greater. Investors scrutinise composition. Regulators raise the bar on governance. Candidates for senior [&hellip;]<\/p>\n","protected":false},"author":1,"featured_media":0,"parent":20212,"menu_order":0,"comment_status":"closed","ping_status":"closed","template":"elementor_header_footer","meta":{"slim_seo":{"title":"Board Services \u2014 JOlivier & Partners","description":"Director search, chair succession, board composition and governance advisory across Europe. JOlivier & Partners builds boards that are genuinely capable."},"footnotes":""},"class_list":["post-20191","page","type-page","status-publish","hentry"],"_links":{"self":[{"href":"https:\/\/jolivier.com\/fr\/wp-json\/wp\/v2\/pages\/20191","targetHints":{"allow":["GET"]}}],"collection":[{"href":"https:\/\/jolivier.com\/fr\/wp-json\/wp\/v2\/pages"}],"about":[{"href":"https:\/\/jolivier.com\/fr\/wp-json\/wp\/v2\/types\/page"}],"author":[{"embeddable":true,"href":"https:\/\/jolivier.com\/fr\/wp-json\/wp\/v2\/users\/1"}],"replies":[{"embeddable":true,"href":"https:\/\/jolivier.com\/fr\/wp-json\/wp\/v2\/comments?post=20191"}],"version-history":[{"count":1,"href":"https:\/\/jolivier.com\/fr\/wp-json\/wp\/v2\/pages\/20191\/revisions"}],"predecessor-version":[{"id":20274,"href":"https:\/\/jolivier.com\/fr\/wp-json\/wp\/v2\/pages\/20191\/revisions\/20274"}],"up":[{"embeddable":true,"href":"https:\/\/jolivier.com\/fr\/wp-json\/wp\/v2\/pages\/20212"}],"wp:attachment":[{"href":"https:\/\/jolivier.com\/fr\/wp-json\/wp\/v2\/media?parent=20191"}],"curies":[{"name":"wp","href":"https:\/\/api.w.org\/{rel}","templated":true}]}}