{"id":20189,"date":"2025-05-15T05:41:39","date_gmt":"2025-05-15T05:41:39","guid":{"rendered":"https:\/\/jolivier.com\/executive-search\/"},"modified":"2026-05-10T13:20:31","modified_gmt":"2026-05-10T13:20:31","slug":"executive-search","status":"publish","type":"page","link":"https:\/\/jolivier.com\/es\/services-2\/executive-search\/","title":{"rendered":"Executive Search"},"content":{"rendered":"\t\t<div data-elementor-type=\"wp-page\" data-elementor-id=\"20189\" class=\"elementor elementor-20189 elementor-18664\">\n\t\t\t\t<div class=\"elementor-element elementor-element-9d99b42 e-flex e-con-boxed e-con e-parent\" data-id=\"9d99b42\" data-element_type=\"container\" data-e-type=\"container\" data-settings=\"{&quot;background_background&quot;:&quot;classic&quot;}\">\n\t\t\t\t\t<div class=\"e-con-inner\">\n\t\t<div class=\"elementor-element elementor-element-3df3859 e-con-full e-flex e-con e-child\" data-id=\"3df3859\" data-element_type=\"container\" data-e-type=\"container\">\n\t\t\t\t<div class=\"elementor-element elementor-element-8d78d1f elementor-widget elementor-widget-react-heading\" data-id=\"8d78d1f\" data-element_type=\"widget\" data-e-type=\"widget\" data-widget_type=\"react-heading.default\">\n\t\t\t\t<div class=\"elementor-widget-container\">\n\t\t\t\t\t\t\t\t<div class=\"react-heading \">\r\n\t\t\t\t<h2 class=\"title  \">B\u00fasqueda de Directivos <span class=\"stroke_text\"><\/span><\/h2>\t\t\r\n\t\t\t<\/div>\t\r\n\t\t\t\t\t\t<\/div>\n\t\t\t\t<\/div>\n\t\t\t\t<div class=\"elementor-element elementor-element-ddfe353 elementor-widget__width-initial elementor-widget elementor-widget-text-editor\" data-id=\"ddfe353\" data-element_type=\"widget\" data-e-type=\"widget\" data-widget_type=\"text-editor.default\">\n\t\t\t\t<div class=\"elementor-widget-container\">\n\t\t\t\t\t\t\t\t\t<p>Encontrar l\u00edderes visionarios que prosperan en entornos de complejidad. Cada mandato de b\u00fasqueda que dirigimos es gestionado personalmente por un socio senior \u2014 desde el briefing hasta el nombramiento.<\/p>\t\t\t\t\t\t\t\t<\/div>\n\t\t\t\t<\/div>\n\t\t\t\t<\/div>\n\t\t<div class=\"elementor-element elementor-element-4b6b7b2 e-con-full e-flex e-con e-child\" data-id=\"4b6b7b2\" data-element_type=\"container\" data-e-type=\"container\" data-settings=\"{&quot;background_background&quot;:&quot;slideshow&quot;,&quot;background_slideshow_gallery&quot;:[{&quot;id&quot;:18570,&quot;url&quot;:&quot;https:\\\/\\\/jolivier.com\\\/wp-content\\\/uploads\\\/2026\\\/02\\\/hero-es2x-scaled.jpg&quot;}],&quot;background_slideshow_loop&quot;:&quot;yes&quot;,&quot;background_slideshow_slide_duration&quot;:5000,&quot;background_slideshow_slide_transition&quot;:&quot;fade&quot;,&quot;background_slideshow_transition_duration&quot;:500}\">\n\t\t\t\t<div class=\"elementor-element elementor-element-b0b07f6 elementor-widget elementor-widget-spacer\" data-id=\"b0b07f6\" data-element_type=\"widget\" data-e-type=\"widget\" data-widget_type=\"spacer.default\">\n\t\t\t\t<div class=\"elementor-widget-container\">\n\t\t\t\t\t\t\t<div class=\"elementor-spacer\">\n\t\t\t<div class=\"elementor-spacer-inner\"><\/div>\n\t\t<\/div>\n\t\t\t\t\t\t<\/div>\n\t\t\t\t<\/div>\n\t\t\t\t<\/div>\n\t\t\t\t\t<\/div>\n\t\t\t\t<\/div>\n\t\t<div class=\"elementor-element elementor-element-0233757 e-flex e-con-boxed e-con e-parent\" data-id=\"0233757\" data-element_type=\"container\" data-e-type=\"container\" data-settings=\"{&quot;background_background&quot;:&quot;classic&quot;}\">\n\t\t\t\t\t<div class=\"e-con-inner\">\n\t\t<div class=\"elementor-element elementor-element-588bf5e e-con-full e-flex e-con e-child\" data-id=\"588bf5e\" data-element_type=\"container\" data-e-type=\"container\">\n\t\t\t\t<div class=\"elementor-element elementor-element-7462a65 elementor-widget elementor-widget-react-heading\" data-id=\"7462a65\" data-element_type=\"widget\" data-e-type=\"widget\" data-widget_type=\"react-heading.default\">\n\t\t\t\t<div class=\"elementor-widget-container\">\n\t\t\t\t\t\t\t\t<div class=\"react-heading \">\r\n\t\t\t\t<span class=\"sub-text\">See our Industry Expertise<\/span><h3 class=\"title  \">JOlivier &amp; Partners serves clients across virtually every industry and sector. <span class=\"stroke_text\"><\/span><\/h3>\t\t\r\n\t\t\t<\/div>\t\r\n\t\t\t\t\t\t<\/div>\n\t\t\t\t<\/div>\n\t\t\t\t<\/div>\n\t\t<div class=\"elementor-element elementor-element-27c3793 e-con-full e-flex e-con e-child\" data-id=\"27c3793\" data-element_type=\"container\" data-e-type=\"container\">\n\t\t\t\t<div class=\"elementor-element elementor-element-0d9e936 elementor-widget elementor-widget-react-button\" data-id=\"0d9e936\" data-element_type=\"widget\" data-e-type=\"widget\" data-widget_type=\"react-button.default\">\n\t\t\t\t<div class=\"elementor-widget-container\">\n\t\t\t\t\t\t\t\n\t\t<div class=\"react-button-wrap\">\n\t\t\t<a aria-label=\"Reacthemes Button\"  href=\"https:\/\/jolivier.com\/about\/contact\/\" class=\"react_button elementor-button \" >\n\t\t\t\t<span class=\"rt-btn-text-wrap\">\n\t\t\t\t\tLearn More\t\t\t\t\n\t\t\t\t\t\t\t\t\t<\/span>\n\t\t\t<\/a>\n\t\t<\/div>\n\t\t\t\t\t\t<\/div>\n\t\t\t\t<\/div>\n\t\t\t\t<\/div>\n\t\t\t\t\t<\/div>\n\t\t\t\t<\/div>\n\t\t<div class=\"elementor-element elementor-element-fc102f6 e-flex e-con-boxed e-con e-parent\" data-id=\"fc102f6\" data-element_type=\"container\" data-e-type=\"container\" data-settings=\"{&quot;background_background&quot;:&quot;classic&quot;}\">\n\t\t\t\t\t<div class=\"e-con-inner\">\n\t\t<div class=\"elementor-element elementor-element-1489b1f e-con-full e-flex e-con e-child\" data-id=\"1489b1f\" data-element_type=\"container\" data-e-type=\"container\" data-settings=\"{&quot;background_background&quot;:&quot;slideshow&quot;,&quot;background_slideshow_gallery&quot;:[{&quot;id&quot;:19427,&quot;url&quot;:&quot;https:\\\/\\\/jolivier.com\\\/wp-content\\\/uploads\\\/2026\\\/02\\\/feature-card-cpoof2030_668384.jpg&quot;}],&quot;background_slideshow_loop&quot;:&quot;yes&quot;,&quot;background_slideshow_slide_duration&quot;:5000,&quot;background_slideshow_slide_transition&quot;:&quot;fade&quot;,&quot;background_slideshow_transition_duration&quot;:500}\">\n\t\t\t\t<div class=\"elementor-element elementor-element-d32b4c7 elementor-widget elementor-widget-spacer\" data-id=\"d32b4c7\" data-element_type=\"widget\" data-e-type=\"widget\" data-widget_type=\"spacer.default\">\n\t\t\t\t<div class=\"elementor-widget-container\">\n\t\t\t\t\t\t\t<div class=\"elementor-spacer\">\n\t\t\t<div class=\"elementor-spacer-inner\"><\/div>\n\t\t<\/div>\n\t\t\t\t\t\t<\/div>\n\t\t\t\t<\/div>\n\t\t\t\t<\/div>\n\t\t<div class=\"elementor-element elementor-element-18a5d7b e-con-full e-flex e-con e-child\" data-id=\"18a5d7b\" data-element_type=\"container\" data-e-type=\"container\">\n\t\t\t\t<div class=\"elementor-element elementor-element-0ff1e98 elementor-widget elementor-widget-react-heading\" data-id=\"0ff1e98\" data-element_type=\"widget\" data-e-type=\"widget\" data-widget_type=\"react-heading.default\">\n\t\t\t\t<div class=\"elementor-widget-container\">\n\t\t\t\t\t\t\t\t<div class=\"react-heading \">\r\n\t\t\t\t<h2 class=\"title  \">Por qu\u00e9 la b\u00fasqueda en retained produce mejores resultados <span class=\"stroke_text\"><\/span><\/h2>\t\t\r\n\t\t\t<\/div>\t\r\n\t\t\t\t\t\t<\/div>\n\t\t\t\t<\/div>\n\t\t\t\t<div class=\"elementor-element elementor-element-8db4713 elementor-widget__width-initial elementor-widget elementor-widget-text-editor\" data-id=\"8db4713\" data-element_type=\"widget\" data-e-type=\"widget\" data-widget_type=\"text-editor.default\">\n\t\t\t\t<div class=\"elementor-widget-container\">\n\t\t\t\t\t\t\t\t\t<p>El modelo de b\u00fasqueda en contingency \u2014 donde varias firmas trabajan simult\u00e1neamente en el mismo mandato, cobradas s\u00f3lo por el \u00e9xito \u2014 crea incentivos estructurales hacia la velocidad en lugar del rigor. Los mejores candidatos, aquellos que no buscan activamente, no son accesibles a trav\u00e9s de este modelo. La b\u00fasqueda retained s\u00ed lo permite.<\/p>\t\t\t\t\t\t\t\t<\/div>\n\t\t\t\t<\/div>\n\t\t\t\t<\/div>\n\t\t\t\t\t<\/div>\n\t\t\t\t<\/div>\n\t\t<div class=\"elementor-element elementor-element-a7cdce2 e-flex e-con-boxed e-con e-parent\" data-id=\"a7cdce2\" data-element_type=\"container\" data-e-type=\"container\" data-settings=\"{&quot;background_background&quot;:&quot;classic&quot;}\">\n\t\t\t\t\t<div class=\"e-con-inner\">\n\t\t<div class=\"elementor-element elementor-element-968c010 e-con-full e-flex e-con e-child\" data-id=\"968c010\" data-element_type=\"container\" data-e-type=\"container\">\n\t\t\t\t<div class=\"elementor-element elementor-element-270c582 elementor-widget elementor-widget-react-heading\" data-id=\"270c582\" data-element_type=\"widget\" data-e-type=\"widget\" data-widget_type=\"react-heading.default\">\n\t\t\t\t<div class=\"elementor-widget-container\">\n\t\t\t\t\t\t\t\t<div class=\"react-heading \">\r\n\t\t\t\t<h2 class=\"title  \">Nuestra metodolog\u00eda de b\u00fasqueda <span class=\"stroke_text\"><\/span><\/h2>\t\t\r\n\t\t\t<\/div>\t\r\n\t\t\t\t\t\t<\/div>\n\t\t\t\t<\/div>\n\t\t\t\t<div class=\"elementor-element elementor-element-20021f2 elementor-widget__width-initial elementor-widget elementor-widget-text-editor\" data-id=\"20021f2\" data-element_type=\"widget\" data-e-type=\"widget\" data-widget_type=\"text-editor.default\">\n\t\t\t\t<div class=\"elementor-widget-container\">\n\t\t\t\t\t\t\t\t\t<p><strong>Definici\u00f3n del mandato.<\/strong> Comenzamos construyendo un brief riguroso \u2014 no s\u00f3lo una descripci\u00f3n del puesto, sino una comprensi\u00f3n precisa del contexto estrat\u00e9gico, los requisitos no negociables y los criterios culturales que determinar\u00e1n el \u00e9xito.<\/p><p><strong>Mapeo del mercado.<\/strong> Identificamos el universo completo de candidatos potenciales en sectores, geograf\u00edas y tipos de organizaciones relevantes \u2014 incluidos quienes no est\u00e1n buscando activamente.<\/p><p><strong>Contacto directo.<\/strong> Contactamos a cada candidato de forma personal y confidencial. El socio que lidera la b\u00fasqueda realiza personalmente cada contacto.<\/p><p><strong>Evaluaci\u00f3n.<\/strong> Cada candidato presentado ha sido personalmente evaluado por un socio de nuestra firma frente a los requisitos espec\u00edficos del brief.<\/p>\t\t\t\t\t\t\t\t<\/div>\n\t\t\t\t<\/div>\n\t\t\t\t<\/div>\n\t\t<div class=\"elementor-element elementor-element-1a9a433 e-con-full e-flex e-con e-child\" data-id=\"1a9a433\" data-element_type=\"container\" data-e-type=\"container\" data-settings=\"{&quot;background_background&quot;:&quot;slideshow&quot;,&quot;background_slideshow_gallery&quot;:[{&quot;id&quot;:18591,&quot;url&quot;:&quot;https:\\\/\\\/jolivier.com\\\/wp-content\\\/uploads\\\/2026\\\/02\\\/executive_search_hero-1-scaled.jpg&quot;}],&quot;background_slideshow_loop&quot;:&quot;yes&quot;,&quot;background_slideshow_slide_duration&quot;:5000,&quot;background_slideshow_slide_transition&quot;:&quot;fade&quot;,&quot;background_slideshow_transition_duration&quot;:500}\">\n\t\t\t\t<div class=\"elementor-element elementor-element-eb012ea elementor-widget elementor-widget-spacer\" data-id=\"eb012ea\" data-element_type=\"widget\" data-e-type=\"widget\" data-widget_type=\"spacer.default\">\n\t\t\t\t<div class=\"elementor-widget-container\">\n\t\t\t\t\t\t\t<div class=\"elementor-spacer\">\n\t\t\t<div class=\"elementor-spacer-inner\"><\/div>\n\t\t<\/div>\n\t\t\t\t\t\t<\/div>\n\t\t\t\t<\/div>\n\t\t\t\t<\/div>\n\t\t\t\t\t<\/div>\n\t\t\t\t<\/div>\n\t\t<div class=\"elementor-element elementor-element-77a359d e-flex e-con-boxed e-con e-parent\" data-id=\"77a359d\" data-element_type=\"container\" data-e-type=\"container\" data-settings=\"{&quot;background_background&quot;:&quot;classic&quot;}\">\n\t\t\t\t\t<div class=\"e-con-inner\">\n\t\t<div class=\"elementor-element elementor-element-8624222 e-flex e-con-boxed e-con e-child\" data-id=\"8624222\" data-element_type=\"container\" data-e-type=\"container\">\n\t\t\t\t\t<div class=\"e-con-inner\">\n\t\t\t\t<div class=\"elementor-element elementor-element-b51ac5f elementor-widget elementor-widget-react-heading\" data-id=\"b51ac5f\" data-element_type=\"widget\" data-e-type=\"widget\" data-widget_type=\"react-heading.default\">\n\t\t\t\t<div class=\"elementor-widget-container\">\n\t\t\t\t\t\t\t\t<div class=\"react-heading \">\r\n\t\t\t\t<h2 class=\"title  rts-text-anime-style-1\">Industries we serve <span class=\"stroke_text\"><\/span><\/h2>\t\t\r\n\t\t\t<\/div>\t\r\n\t\t\t\t\t\t<\/div>\n\t\t\t\t<\/div>\n\t\t\t\t<div class=\"elementor-element elementor-element-9e301dd elementor-widget elementor-widget-text-editor\" data-id=\"9e301dd\" data-element_type=\"widget\" data-e-type=\"widget\" data-widget_type=\"text-editor.default\">\n\t\t\t\t<div class=\"elementor-widget-container\">\n\t\t\t\t\t\t\t\t\t<p>We conduct executive search across a broad range of sectors, with particular depth in private equity-backed businesses, financial services, technology and healthcare.<\/p>\t\t\t\t\t\t\t\t<\/div>\n\t\t\t\t<\/div>\n\t\t\t\t\t<\/div>\n\t\t\t\t<\/div>\n\t\t<div class=\"elementor-element elementor-element-06bd796 e-con-full e-flex e-con e-child\" data-id=\"06bd796\" data-element_type=\"container\" data-e-type=\"container\">\n\t\t\t\t<\/div>\n\t\t\t\t\t<\/div>\n\t\t\t\t<\/div>\n\t\t<div class=\"elementor-element elementor-element-77d986d e-flex e-con-boxed e-con e-parent\" data-id=\"77d986d\" data-element_type=\"container\" data-e-type=\"container\" data-settings=\"{&quot;background_background&quot;:&quot;classic&quot;}\">\n\t\t\t\t\t<div class=\"e-con-inner\">\n\t\t\t\t<div class=\"elementor-element elementor-element-5ffc623 elementor-widget__width-initial elementor-widget elementor-widget-react-heading\" data-id=\"5ffc623\" data-element_type=\"widget\" data-e-type=\"widget\" data-widget_type=\"react-heading.default\">\n\t\t\t\t<div class=\"elementor-widget-container\">\n\t\t\t\t\t\t\t\t<div class=\"react-heading \">\r\n\t\t\t\t<span class=\"sub-text\">Subscribe Newsletter<\/span><h2 class=\"title  rts-text-anime-style-1\">Stay Updated with the Latest News! <span class=\"stroke_text\"><\/span><\/h2>\t\t\r\n\t\t\t<\/div>\t\r\n\t\t\t\t\t\t<\/div>\n\t\t\t\t<\/div>\n\t\t\t\t<div class=\"elementor-element elementor-element-95fb657 elementor-widget__width-initial elementor-widget elementor-widget-metform\" data-id=\"95fb657\" data-element_type=\"widget\" data-e-type=\"widget\" data-widget_type=\"metform.default\">\n\t\t\t\t<div class=\"elementor-widget-container\">\n\t\t\t\t\t<div id=\"mf-response-props-id-2509\" data-previous-steps-style=\"\" data-editswitchopen=\"\" data-response_type=\"alert\" data-erroricon=\"fas fa-exclamation-triangle\" data-successicon=\"fas fa-check\" data-messageposition=\"top\" class=\"   mf-scroll-top-no\">\n\t\t<div class=\"formpicker_warper formpicker_warper_editable\" data-metform-formpicker-key=\"2509\" >\n\t\t\t\t\n\t\t\t<div class=\"mf-widget-container\">\n\t\t\t\t\r\n\t\t<div\r\n\t\t\tid=\"metform-wrap-95fb657-2509\"\r\n\t\t\tclass=\"mf-form-wrapper\"\r\n\t\t\tdata-form-id=\"2509\"\r\n\t\t\tdata-action=\"https:\/\/jolivier.com\/es\/wp-json\/metform\/v1\/entries\/insert\/2509\"\r\n\t\t\tdata-wp-nonce=\"f5a11a3032\"\r\n\t\t\tdata-form-nonce=\"3b75a4a16e\"\r\n\t\t\tdata-quiz-summery = \"false\"\r\n\t\t\tdata-save-progress = \"false\"\r\n\t\t\tdata-form-type=\"general-form\"\r\n\t\t\tdata-stop-vertical-effect=\"\"\r\n\t\t\t><\/div>\r\n\r\n\r\n\t\t<!----------------------------- \r\n\t\t\t* controls_data : find the the props passed indie of data attribute\r\n\t\t\t* props.SubmitResponseMarkup : contains the markup of error or success message\r\n\t\t\t* https:\/\/developer.mozilla.org\/en-US\/docs\/Web\/JavaScript\/Reference\/Template_literals\r\n\t\t--------------------------- -->\r\n\r\n\t\t\t\t<script type=\"text\/mf\" class=\"mf-template\">\r\n\t\t\tfunction controls_data (value){\r\n\t\t\t\tlet currentWrapper = \"mf-response-props-id-2509\";\r\n\t\t\t\tlet currentEl = document.getElementById(currentWrapper);\r\n\t\t\t\t\r\n\t\t\t\treturn currentEl ? currentEl.dataset[value] : false\r\n\t\t\t}\r\n\r\n\r\n\t\t\tlet is_edit_mode = '' ? true : false;\r\n\t\t\tlet message_position = controls_data('messageposition') || 'top';\r\n\r\n\t\t\t\r\n\t\t\tlet message_successIcon = controls_data('successicon') || '';\r\n\t\t\tlet message_errorIcon = controls_data('erroricon') || '';\r\n\t\t\tlet message_editSwitch = controls_data('editswitchopen') === 'yes' ? true : false;\r\n\t\t\tlet message_proClass = controls_data('editswitchopen') === 'yes' ? 'mf_pro_activated' : '';\r\n\t\t\t\r\n\t\t\tlet is_dummy_markup = is_edit_mode && message_editSwitch ? true : false;\r\n\r\n\t\t\t\r\n\t\t\treturn html`\r\n\t\t\t\t<form\r\n\t\t\t\t\tclassName=\"metform-form-content\"\r\n\t\t\t\t\tref=${parent.formContainerRef}\r\n\t\t\t\t\tonSubmit=${ validation.handleSubmit( parent.handleFormSubmit ) }\r\n\t\t\t\t\r\n\t\t\t\t\t>\r\n\t\t\t\r\n\t\t\t\r\n\t\t\t\t\t${is_dummy_markup ? message_position === 'top' ?  props.ResponseDummyMarkup(message_successIcon, message_proClass) : '' : ''}\r\n\t\t\t\t\t${is_dummy_markup ? ' ' :  message_position === 'top' ? props.SubmitResponseMarkup`${parent}${state}${message_successIcon}${message_errorIcon}${message_proClass}` : ''}\r\n\r\n\t\t\t\t\t<!--------------------------------------------------------\r\n\t\t\t\t\t*** IMPORTANT \/ DANGEROUS ***\r\n\t\t\t\t\t${html``} must be used as in immediate child of \"metform-form-main-wrapper\"\r\n\t\t\t\t\tclass otherwise multistep form will not run at all\r\n\t\t\t\t\t---------------------------------------------------------->\r\n\r\n\t\t\t\t\t<div className=\"metform-form-main-wrapper\" key=${'hide-form-after-submit'} ref=${parent.formRef}>\r\n\t\t\t\t\t${html`\r\n\t\t\t\t\t\t\t\t<div data-elementor-type=\"wp-post\" key=\"2\" data-elementor-id=\"2509\" className=\"elementor elementor-2509\">\n\t\t\t\t<div className=\"elementor-element elementor-element-7f3166e e-con-full e-flex e-con e-parent\" data-id=\"7f3166e\" data-element_type=\"container\" data-e-type=\"container\">\n\t\t\t\t<div className=\"elementor-element elementor-element-aed29a7 elementor-widget__width-inherit elementor-widget elementor-widget-mf-email\" data-id=\"aed29a7\" data-element_type=\"widget\" data-e-type=\"widget\" data-settings=\"{&quot;mf_input_name&quot;:&quot;mf-email&quot;}\" data-widget_type=\"mf-email.default\">\n\t\t\t\t<div className=\"elementor-widget-container\">\n\t\t\t\t\t\r\n\t\t<div className=\"mf-input-wrapper\">\r\n\t\t\t\r\n\t\t\t<input \r\n\t\t\t\ttype=\"email\" \r\n\t\t\t\t \r\n\t\t\t\tdefaultValue=\"\" \r\n\t\t\t\tclassName=\"mf-input \" \r\n\t\t\t\tid=\"mf-input-email-aed29a7\" \r\n\t\t\t\tname=\"mf-email\" \r\n\t\t\t\tplaceholder=\"${ parent.decodeEntities(`Enter Email Address`) } \" \r\n\t\t\t\t \r\n\t\t\t\tonBlur=${parent.handleChange} onFocus=${parent.handleChange} aria-invalid=${validation.errors['mf-email'] ? 'true' : 'false' } \r\n\t\t\t\tref=${el=> parent.activateValidation({\"message\":\"This field is required.\",\"emailMessage\":\"Please enter a valid Email address\",\"minLength\":1,\"maxLength\":\"\",\"type\":\"none\",\"required\":true,\"expression\":\"null\"}, el)}\r\n\t\t\t\t\t\t\t\/>\r\n\r\n\t\t\t\t\t\t<${validation.ErrorMessage} \r\n\t\t\t\terrors=${validation.errors} \r\n\t\t\t\tname=\"mf-email\" \r\n\t\t\t\tas=${html`<span className=\"mf-error-message\"><\/span>`}\r\n\t\t\t\/>\r\n\t\t\t\r\n\t\t\t\t\t<\/div>\r\n\r\n\t\t\t\t<\/div>\n\t\t\t\t<\/div>\n\t\t\t\t<div className=\"elementor-element elementor-element-bbfe91f elementor-absolute elementor-widget elementor-widget-mf-button\" data-id=\"bbfe91f\" data-element_type=\"widget\" data-e-type=\"widget\" data-settings=\"{&quot;_position&quot;:&quot;absolute&quot;}\" data-widget_type=\"mf-button.default\">\n\t\t\t\t<div className=\"elementor-widget-container\">\n\t\t\t\t\t\t\t<div className=\"mf-btn-wraper \" data-mf-form-conditional-logic-requirement=\"\">\r\n\t\t\t\t\t\t\t<button type=\"submit\" className=\"metform-btn metform-submit-btn \" id=\"\">\r\n\t\t\t\t\t<span>${ parent.decodeEntities(`Subscribe Now`) } <\/span>\r\n\t\t\t\t<\/button>\r\n\t\t\t        <\/div>\r\n        \t\t\t\t<\/div>\n\t\t\t\t<\/div>\n\t\t\t\t<\/div>\n\t\t\t\t<\/div>\n\t\t\t\t\t\t\t`}\r\n\t\t\t\t\t<\/div>\r\n\r\n\t\t\t\t\t${is_dummy_markup ? message_position === 'bottom' ? props.ResponseDummyMarkup(message_successIcon, message_proClass) : '' : ''}\r\n\t\t\t\t\t${is_dummy_markup ? ' ' : message_position === 'bottom' ? props.SubmitResponseMarkup`${parent}${state}${message_successIcon}${message_errorIcon}${message_proClass}` : ''}\r\n\t\t\t\t\r\n\t\t\t\t<\/form>\r\n\t\t\t`\r\n\t\t<\/script>\r\n\r\n\t\t\t\t\t<\/div>\n\t\t<\/div>\n\t\t<\/div>\t\t\t\t<\/div>\n\t\t\t\t<\/div>\n\t\t\t\t\t<\/div>\n\t\t\t\t<\/div>\n\t\t\t\t<\/div>\n\t\t","protected":false},"excerpt":{"rendered":"<p>Executive Search Finding visionary leaders who thrive amid complexity See our Industry Expertise JOlivier &amp; Partners serves clients across virtually every industry and sector. Learn More Retained search for leaders who deliver Most executive search mandates fail not because the wrong person was found \u2014 but because the brief was incomplete, the market was mapped [&hellip;]<\/p>\n","protected":false},"author":1,"featured_media":0,"parent":20213,"menu_order":0,"comment_status":"closed","ping_status":"closed","template":"elementor_header_footer","meta":{"slim_seo":{"title":"Executive Search \u2014 Senior & Leadership Appointments | JOlivier & Partners","description":"JOlivier & Partners conducts retained executive search for senior and leadership appointments across Europe \u2014 CEO, C-suite and board-level roles across all major sectors."},"footnotes":""},"class_list":["post-20189","page","type-page","status-publish","hentry"],"_links":{"self":[{"href":"https:\/\/jolivier.com\/es\/wp-json\/wp\/v2\/pages\/20189","targetHints":{"allow":["GET"]}}],"collection":[{"href":"https:\/\/jolivier.com\/es\/wp-json\/wp\/v2\/pages"}],"about":[{"href":"https:\/\/jolivier.com\/es\/wp-json\/wp\/v2\/types\/page"}],"author":[{"embeddable":true,"href":"https:\/\/jolivier.com\/es\/wp-json\/wp\/v2\/users\/1"}],"replies":[{"embeddable":true,"href":"https:\/\/jolivier.com\/es\/wp-json\/wp\/v2\/comments?post=20189"}],"version-history":[{"count":1,"href":"https:\/\/jolivier.com\/es\/wp-json\/wp\/v2\/pages\/20189\/revisions"}],"predecessor-version":[{"id":20271,"href":"https:\/\/jolivier.com\/es\/wp-json\/wp\/v2\/pages\/20189\/revisions\/20271"}],"up":[{"embeddable":true,"href":"https:\/\/jolivier.com\/es\/wp-json\/wp\/v2\/pages\/20213"}],"wp:attachment":[{"href":"https:\/\/jolivier.com\/es\/wp-json\/wp\/v2\/media?parent=20189"}],"curies":[{"name":"wp","href":"https:\/\/api.w.org\/{rel}","templated":true}]}}